
{"id":12802,"date":"2024-01-08T18:51:25","date_gmt":"2024-01-08T15:51:29","guid":{"rendered":"https:\/\/shop.rideaike.com\/?post_type=product&#038;p=12802"},"modified":"2024-12-06T23:53:21","modified_gmt":"2024-12-06T20:53:21","slug":"aike-t-rent","status":"publish","type":"product","link":"https:\/\/shop.rideaike.com\/et\/toode\/aike-t-rent\/","title":{"rendered":"\u00c4ike T Rent (L\u00e4bim\u00fc\u00fcdud)"},"content":{"rendered":"","protected":false},"excerpt":{"rendered":"<h1>\u00c4ike T t\u00e4isteenusrent (l\u00e4bim\u00fc\u00fcdud!)<\/h1>\n<ul>\n<li><a href=\"https:\/\/rideaike.com\/et\/aike-elektritoukeratas\/\" target=\"_blank\" rel=\"noopener\">Loe \u00fcle t\u00f5uksi tehniline info<\/a><\/li>\n<li><strong>Toodet ei ole hetkel laos!<\/strong><\/li>\n<li>Tasuta remont &amp; hooldus<\/li>\n<li>Tasuta t\u00fchistamine esimese 2 n\u00e4dala jooksul<\/li>\n<li>Loe lisaks meie <a href=\"https:\/\/shop.rideaike.com\/et\/taisteenusrendi-tingimused\/\" target=\"_blank\" rel=\"noopener\">kasutajatingimustest<\/a><\/li>\n<\/ul>\n<h3>Vali endale sobiv pakett<\/h3>\n","protected":false},"featured_media":8448,"template":"","meta":{"inline_featured_image":false,"site-sidebar-layout":"default","site-content-layout":"","ast-site-content-layout":"default","site-content-style":"default","site-sidebar-style":"default","ast-global-header-display":"","ast-banner-title-visibility":"","ast-main-header-display":"","ast-hfb-above-header-display":"","ast-hfb-below-header-display":"","ast-hfb-mobile-header-display":"","site-post-title":"","ast-breadcrumbs-content":"","ast-featured-img":"","footer-sml-layout":"","theme-transparent-header-meta":"default","adv-header-id-meta":"","stick-header-meta":"default","header-above-stick-meta":"","header-main-stick-meta":"","header-below-stick-meta":"","astra-migrate-meta-layouts":"set","ast-page-background-enabled":"default","ast-page-background-meta":{"desktop":{"background-color":"var(--ast-global-color-4)","background-image":"","background-repeat":"repeat","background-position":"center center","background-size":"auto","background-attachment":"scroll","background-type":"","background-media":"","overlay-type":"","overlay-color":"","overlay-gradient":""},"tablet":{"background-color":"","background-image":"","background-repeat":"repeat","background-position":"center center","background-size":"auto","background-attachment":"scroll","background-type":"","background-media":"","overlay-type":"","overlay-color":"","overlay-gradient":""},"mobile":{"background-color":"","background-image":"","background-repeat":"repeat","background-position":"center center","background-size":"auto","background-attachment":"scroll","background-type":"","background-media":"","overlay-type":"","overlay-color":"","overlay-gradient":""}},"ast-content-background-meta":{"desktop":{"background-color":"var(--ast-global-color-5)","background-image":"","background-repeat":"repeat","background-position":"center center","background-size":"auto","background-attachment":"scroll","background-type":"","background-media":"","overlay-type":"","overlay-color":"","overlay-gradient":""},"tablet":{"background-color":"var(--ast-global-color-5)","background-image":"","background-repeat":"repeat","background-position":"center center","background-size":"auto","background-attachment":"scroll","background-type":"","background-media":"","overlay-type":"","overlay-color":"","overlay-gradient":""},"mobile":{"background-color":"var(--ast-global-color-5)","background-image":"","background-repeat":"repeat","background-position":"center center","background-size":"auto","background-attachment":"scroll","background-type":"","background-media":"","overlay-type":"","overlay-color":"","overlay-gradient":""}}},"product_cat":[147],"product_tag":[],"bundled_by":[],"bundle_stock_status":"outofstock","bundle_stock_quantity":null,"bundle_virtual":false,"bundle_layout":"","bundle_add_to_cart_form_location":"","bundle_editable_in_cart":false,"bundle_sold_individually_context":"","bundle_item_grouping":"","bundle_min_size":"","bundle_max_size":"","bundled_items":[],"bundle_sell_ids":[],"yoast_head":"<!-- This site is optimized with the Yoast SEO plugin v22.2 - https:\/\/yoast.com\/wordpress\/plugins\/seo\/ -->\n<title>\u00c4ike T Rent (L\u00e4bim\u00fc\u00fcdud) - \u00c4ike Pood<\/title>\n<meta name=\"robots\" content=\"index, follow, max-snippet:-1, max-image-preview:large, max-video-preview:-1\" \/>\n<link rel=\"canonical\" href=\"https:\/\/shop.rideaike.com\/et\/toode\/aike-t-rent\/\" \/>\n<meta property=\"og:locale\" content=\"et_EE\" \/>\n<meta property=\"og:type\" content=\"article\" \/>\n<meta property=\"og:title\" content=\"\u00c4ike T Rent (L\u00e4bim\u00fc\u00fcdud) - \u00c4ike Pood\" \/>\n<meta property=\"og:description\" content=\"\u00c4ike T t\u00e4isteenusrent (l\u00e4bim\u00fc\u00fcdud!)   Loe \u00fcle t\u00f5uksi tehniline info  Toodet ei ole hetkel laos!  Tasuta remont &amp; hooldus  Tasuta t\u00fchistamine esimese 2 n\u00e4dala jooksul  Loe lisaks meie kasutajatingimustest  Vali endale sobiv pakett\" \/>\n<meta property=\"og:url\" content=\"https:\/\/shop.rideaike.com\/et\/toode\/aike-t-rent\/\" \/>\n<meta property=\"og:site_name\" content=\"\u00c4ike Pood\" \/>\n<meta property=\"article:publisher\" content=\"https:\/\/www.facebook.com\/rideaike\" \/>\n<meta property=\"article:modified_time\" content=\"2024-12-06T20:53:21+00:00\" \/>\n<meta property=\"og:image\" content=\"http:\/\/shop.rideaike.com\/wp-content\/uploads\/sites\/2\/2022\/12\/aike-t-green-0.png\" \/>\n\t<meta property=\"og:image:width\" content=\"1444\" \/>\n\t<meta property=\"og:image:height\" content=\"1250\" \/>\n\t<meta property=\"og:image:type\" content=\"image\/png\" \/>\n<meta name=\"twitter:card\" content=\"summary_large_image\" \/>\n<meta name=\"twitter:site\" content=\"@rideaike\" \/>\n<script type=\"application\/ld+json\" class=\"yoast-schema-graph\">{\"@context\":\"https:\/\/schema.org\",\"@graph\":[{\"@type\":\"WebPage\",\"@id\":\"https:\/\/shop.rideaike.com\/et\/toode\/aike-t-rent\/\",\"url\":\"https:\/\/shop.rideaike.com\/et\/toode\/aike-t-rent\/\",\"name\":\"\u00c4ike T Rent (L\u00e4bim\u00fc\u00fcdud) - \u00c4ike Pood\",\"isPartOf\":{\"@id\":\"https:\/\/shop.rideaike.com\/et\/#website\"},\"primaryImageOfPage\":{\"@id\":\"https:\/\/shop.rideaike.com\/et\/toode\/aike-t-rent\/#primaryimage\"},\"image\":{\"@id\":\"https:\/\/shop.rideaike.com\/et\/toode\/aike-t-rent\/#primaryimage\"},\"thumbnailUrl\":\"https:\/\/shop.rideaike.com\/wp-content\/uploads\/sites\/2\/2022\/12\/aike-t-green-0.png\",\"datePublished\":\"2024-01-08T15:51:29+00:00\",\"dateModified\":\"2024-12-06T20:53:21+00:00\",\"breadcrumb\":{\"@id\":\"https:\/\/shop.rideaike.com\/et\/toode\/aike-t-rent\/#breadcrumb\"},\"inLanguage\":\"et\",\"potentialAction\":[{\"@type\":\"ReadAction\",\"target\":[\"https:\/\/shop.rideaike.com\/et\/toode\/aike-t-rent\/\"]}]},{\"@type\":\"ImageObject\",\"inLanguage\":\"et\",\"@id\":\"https:\/\/shop.rideaike.com\/et\/toode\/aike-t-rent\/#primaryimage\",\"url\":\"https:\/\/shop.rideaike.com\/wp-content\/uploads\/sites\/2\/2022\/12\/aike-t-green-0.png\",\"contentUrl\":\"https:\/\/shop.rideaike.com\/wp-content\/uploads\/sites\/2\/2022\/12\/aike-t-green-0.png\",\"width\":1444,\"height\":1250},{\"@type\":\"BreadcrumbList\",\"@id\":\"https:\/\/shop.rideaike.com\/et\/toode\/aike-t-rent\/#breadcrumb\",\"itemListElement\":[{\"@type\":\"ListItem\",\"position\":1,\"name\":\"Home\",\"item\":\"https:\/\/shop.rideaike.com\/et\/\"},{\"@type\":\"ListItem\",\"position\":2,\"name\":\"Pood\",\"item\":\"https:\/\/shop.rideaike.com\/et\/\"},{\"@type\":\"ListItem\",\"position\":3,\"name\":\"\u00c4ike T Rent (L\u00e4bim\u00fc\u00fcdud)\"}]},{\"@type\":\"WebSite\",\"@id\":\"https:\/\/shop.rideaike.com\/et\/#website\",\"url\":\"https:\/\/shop.rideaike.com\/et\/\",\"name\":\"\u00c4ike Pood\",\"description\":\"The only e-scooter on the market that is entirely developed and assembled in Europe exclusively using renewable energy\ufe0f.\",\"publisher\":{\"@id\":\"https:\/\/shop.rideaike.com\/et\/#organization\"},\"potentialAction\":[{\"@type\":\"SearchAction\",\"target\":{\"@type\":\"EntryPoint\",\"urlTemplate\":\"https:\/\/shop.rideaike.com\/et\/?s={search_term_string}\"},\"query-input\":\"required name=search_term_string\"}],\"inLanguage\":\"et\"},{\"@type\":\"Organization\",\"@id\":\"https:\/\/shop.rideaike.com\/et\/#organization\",\"name\":\"\u00c4ike Mobility O\u00dc\",\"url\":\"https:\/\/shop.rideaike.com\/et\/\",\"logo\":{\"@type\":\"ImageObject\",\"inLanguage\":\"et\",\"@id\":\"https:\/\/shop.rideaike.com\/et\/#\/schema\/logo\/image\/\",\"url\":\"https:\/\/shop.rideaike.com\/wp-content\/uploads\/sites\/2\/2022\/12\/aike-white-logo.svg\",\"contentUrl\":\"https:\/\/shop.rideaike.com\/wp-content\/uploads\/sites\/2\/2022\/12\/aike-white-logo.svg\",\"width\":136,\"height\":24,\"caption\":\"\u00c4ike Mobility O\u00dc\"},\"image\":{\"@id\":\"https:\/\/shop.rideaike.com\/et\/#\/schema\/logo\/image\/\"},\"sameAs\":[\"https:\/\/www.facebook.com\/rideaike\",\"https:\/\/twitter.com\/rideaike\",\"https:\/\/www.instagram.com\/rideaike\",\"https:\/\/www.linkedin.com\/company\/rideaike\"]}]}<\/script>\n<!-- \/ Yoast SEO plugin. -->","yoast_head_json":{"title":"\u00c4ike T Rent (L\u00e4bim\u00fc\u00fcdud) - \u00c4ike Pood","robots":{"index":"index","follow":"follow","max-snippet":"max-snippet:-1","max-image-preview":"max-image-preview:large","max-video-preview":"max-video-preview:-1"},"canonical":"https:\/\/shop.rideaike.com\/et\/toode\/aike-t-rent\/","og_locale":"et_EE","og_type":"article","og_title":"\u00c4ike T Rent (L\u00e4bim\u00fc\u00fcdud) - \u00c4ike Pood","og_description":"\u00c4ike T t\u00e4isteenusrent (l\u00e4bim\u00fc\u00fcdud!)   Loe \u00fcle t\u00f5uksi tehniline info  Toodet ei ole hetkel laos!  Tasuta remont &amp; hooldus  Tasuta t\u00fchistamine esimese 2 n\u00e4dala jooksul  Loe lisaks meie kasutajatingimustest  Vali endale sobiv pakett","og_url":"https:\/\/shop.rideaike.com\/et\/toode\/aike-t-rent\/","og_site_name":"\u00c4ike Pood","article_publisher":"https:\/\/www.facebook.com\/rideaike","article_modified_time":"2024-12-06T20:53:21+00:00","og_image":[{"width":1444,"height":1250,"url":"http:\/\/shop.rideaike.com\/wp-content\/uploads\/sites\/2\/2022\/12\/aike-t-green-0.png","type":"image\/png"}],"twitter_card":"summary_large_image","twitter_site":"@rideaike","schema":{"@context":"https:\/\/schema.org","@graph":[{"@type":"WebPage","@id":"https:\/\/shop.rideaike.com\/et\/toode\/aike-t-rent\/","url":"https:\/\/shop.rideaike.com\/et\/toode\/aike-t-rent\/","name":"\u00c4ike T Rent (L\u00e4bim\u00fc\u00fcdud) - \u00c4ike Pood","isPartOf":{"@id":"https:\/\/shop.rideaike.com\/et\/#website"},"primaryImageOfPage":{"@id":"https:\/\/shop.rideaike.com\/et\/toode\/aike-t-rent\/#primaryimage"},"image":{"@id":"https:\/\/shop.rideaike.com\/et\/toode\/aike-t-rent\/#primaryimage"},"thumbnailUrl":"https:\/\/shop.rideaike.com\/wp-content\/uploads\/sites\/2\/2022\/12\/aike-t-green-0.png","datePublished":"2024-01-08T15:51:29+00:00","dateModified":"2024-12-06T20:53:21+00:00","breadcrumb":{"@id":"https:\/\/shop.rideaike.com\/et\/toode\/aike-t-rent\/#breadcrumb"},"inLanguage":"et","potentialAction":[{"@type":"ReadAction","target":["https:\/\/shop.rideaike.com\/et\/toode\/aike-t-rent\/"]}]},{"@type":"ImageObject","inLanguage":"et","@id":"https:\/\/shop.rideaike.com\/et\/toode\/aike-t-rent\/#primaryimage","url":"https:\/\/shop.rideaike.com\/wp-content\/uploads\/sites\/2\/2022\/12\/aike-t-green-0.png","contentUrl":"https:\/\/shop.rideaike.com\/wp-content\/uploads\/sites\/2\/2022\/12\/aike-t-green-0.png","width":1444,"height":1250},{"@type":"BreadcrumbList","@id":"https:\/\/shop.rideaike.com\/et\/toode\/aike-t-rent\/#breadcrumb","itemListElement":[{"@type":"ListItem","position":1,"name":"Home","item":"https:\/\/shop.rideaike.com\/et\/"},{"@type":"ListItem","position":2,"name":"Pood","item":"https:\/\/shop.rideaike.com\/et\/"},{"@type":"ListItem","position":3,"name":"\u00c4ike T Rent (L\u00e4bim\u00fc\u00fcdud)"}]},{"@type":"WebSite","@id":"https:\/\/shop.rideaike.com\/et\/#website","url":"https:\/\/shop.rideaike.com\/et\/","name":"\u00c4ike Pood","description":"The only e-scooter on the market that is entirely developed and assembled in Europe exclusively using renewable energy\ufe0f.","publisher":{"@id":"https:\/\/shop.rideaike.com\/et\/#organization"},"potentialAction":[{"@type":"SearchAction","target":{"@type":"EntryPoint","urlTemplate":"https:\/\/shop.rideaike.com\/et\/?s={search_term_string}"},"query-input":"required name=search_term_string"}],"inLanguage":"et"},{"@type":"Organization","@id":"https:\/\/shop.rideaike.com\/et\/#organization","name":"\u00c4ike Mobility O\u00dc","url":"https:\/\/shop.rideaike.com\/et\/","logo":{"@type":"ImageObject","inLanguage":"et","@id":"https:\/\/shop.rideaike.com\/et\/#\/schema\/logo\/image\/","url":"https:\/\/shop.rideaike.com\/wp-content\/uploads\/sites\/2\/2022\/12\/aike-white-logo.svg","contentUrl":"https:\/\/shop.rideaike.com\/wp-content\/uploads\/sites\/2\/2022\/12\/aike-white-logo.svg","width":136,"height":24,"caption":"\u00c4ike Mobility O\u00dc"},"image":{"@id":"https:\/\/shop.rideaike.com\/et\/#\/schema\/logo\/image\/"},"sameAs":["https:\/\/www.facebook.com\/rideaike","https:\/\/twitter.com\/rideaike","https:\/\/www.instagram.com\/rideaike","https:\/\/www.linkedin.com\/company\/rideaike"]}]}},"acf":[],"_links":{"self":[{"href":"https:\/\/shop.rideaike.com\/et\/wp-json\/wp\/v2\/product\/12802"}],"collection":[{"href":"https:\/\/shop.rideaike.com\/et\/wp-json\/wp\/v2\/product"}],"about":[{"href":"https:\/\/shop.rideaike.com\/et\/wp-json\/wp\/v2\/types\/product"}],"wp:featuredmedia":[{"embeddable":true,"href":"https:\/\/shop.rideaike.com\/et\/wp-json\/wp\/v2\/media\/8448"}],"wp:attachment":[{"href":"https:\/\/shop.rideaike.com\/et\/wp-json\/wp\/v2\/media?parent=12802"}],"wp:term":[{"taxonomy":"product_cat","embeddable":true,"href":"https:\/\/shop.rideaike.com\/et\/wp-json\/wp\/v2\/product_cat?post=12802"},{"taxonomy":"product_tag","embeddable":true,"href":"https:\/\/shop.rideaike.com\/et\/wp-json\/wp\/v2\/product_tag?post=12802"}],"curies":[{"name":"wp","href":"https:\/\/api.w.org\/{rel}","templated":true}]}}